{"id":16923,"date":"2023-10-12T17:14:51","date_gmt":"2023-10-12T17:14:51","guid":{"rendered":"https:\/\/www.platamallorca.com\/?post_type=product&#038;p=16923"},"modified":"2024-01-14T00:06:09","modified_gmt":"2024-01-14T00:06:09","slug":"pendientes-con-forma-de-ola","status":"publish","type":"product","link":"https:\/\/www.platamallorca.com\/index.php\/producto\/pendientes-con-forma-de-ola\/","title":{"rendered":"Pendientes  con forma de ola"},"content":{"rendered":"<p>Pendientes de plata \u00a0con forma de ola para mujer, aretes colgantes, ,Perla sint\u00e9tica.Gener\u00f3-Mujer,Di\u00e1metro-8mm,Material-Plata,Perla sint\u00e9tica.<\/p>\n","protected":false},"excerpt":{"rendered":"<p>Pendientes de plata \u00a0con forma de ola para mujer, aretes colgantes, ,Perla sint\u00e9tica.<\/p>\n","protected":false},"featured_media":16864,"comment_status":"open","ping_status":"closed","template":"","meta":[],"product_brand":[],"product_cat":[70,84,82],"product_tag":[],"class_list":{"0":"post-16923","1":"product","2":"type-product","3":"status-publish","4":"has-post-thumbnail","6":"product_cat-pendientes","7":"product_cat-perlas-pendientes","8":"product_cat-plata-pendientes","10":"first","11":"instock","12":"taxable","13":"shipping-taxable","14":"purchasable","15":"product-type-simple"},"_links":{"self":[{"href":"https:\/\/www.platamallorca.com\/index.php\/wp-json\/wp\/v2\/product\/16923","targetHints":{"allow":["GET"]}}],"collection":[{"href":"https:\/\/www.platamallorca.com\/index.php\/wp-json\/wp\/v2\/product"}],"about":[{"href":"https:\/\/www.platamallorca.com\/index.php\/wp-json\/wp\/v2\/types\/product"}],"replies":[{"embeddable":true,"href":"https:\/\/www.platamallorca.com\/index.php\/wp-json\/wp\/v2\/comments?post=16923"}],"version-history":[{"count":1,"href":"https:\/\/www.platamallorca.com\/index.php\/wp-json\/wp\/v2\/product\/16923\/revisions"}],"predecessor-version":[{"id":16924,"href":"https:\/\/www.platamallorca.com\/index.php\/wp-json\/wp\/v2\/product\/16923\/revisions\/16924"}],"wp:featuredmedia":[{"embeddable":true,"href":"https:\/\/www.platamallorca.com\/index.php\/wp-json\/wp\/v2\/media\/16864"}],"wp:attachment":[{"href":"https:\/\/www.platamallorca.com\/index.php\/wp-json\/wp\/v2\/media?parent=16923"}],"wp:term":[{"taxonomy":"product_brand","embeddable":true,"href":"https:\/\/www.platamallorca.com\/index.php\/wp-json\/wp\/v2\/product_brand?post=16923"},{"taxonomy":"product_cat","embeddable":true,"href":"https:\/\/www.platamallorca.com\/index.php\/wp-json\/wp\/v2\/product_cat?post=16923"},{"taxonomy":"product_tag","embeddable":true,"href":"https:\/\/www.platamallorca.com\/index.php\/wp-json\/wp\/v2\/product_tag?post=16923"}],"curies":[{"name":"wp","href":"https:\/\/api.w.org\/{rel}","templated":true}]}}