{"id":16743,"date":"2023-10-10T16:42:49","date_gmt":"2023-10-10T16:42:49","guid":{"rendered":"https:\/\/www.platamallorca.com\/?post_type=product&#038;p=16743"},"modified":"2024-01-14T00:06:09","modified_gmt":"2024-01-14T00:06:09","slug":"pendientes-perla-con-pasador","status":"publish","type":"product","link":"https:\/\/www.platamallorca.com\/index.php\/producto\/pendientes-perla-con-pasador\/","title":{"rendered":"Pendientes perla  con pasador"},"content":{"rendered":"<p style=\"text-align: left;\">Pendientes minimalistas ,de perla sint\u00e9tica, \u00a0con pasador,G\u00e9nero -Mujer ,Di\u00e1metro-perla-9mm,Material-Pelas sint\u00e9ticas ,Plata.<\/p>\n","protected":false},"excerpt":{"rendered":"<p>Pendientes minimalistas \u00a0para mujer, de plata joyer\u00eda fina, Perla sint\u00e9tica, \u00a0con pasador.<\/p>\n","protected":false},"featured_media":16917,"comment_status":"open","ping_status":"closed","template":"","meta":[],"product_brand":[],"product_cat":[70,84,82],"product_tag":[],"class_list":{"0":"post-16743","1":"product","2":"type-product","3":"status-publish","4":"has-post-thumbnail","6":"product_cat-pendientes","7":"product_cat-perlas-pendientes","8":"product_cat-plata-pendientes","10":"first","11":"instock","12":"taxable","13":"shipping-taxable","14":"purchasable","15":"product-type-simple"},"_links":{"self":[{"href":"https:\/\/www.platamallorca.com\/index.php\/wp-json\/wp\/v2\/product\/16743","targetHints":{"allow":["GET"]}}],"collection":[{"href":"https:\/\/www.platamallorca.com\/index.php\/wp-json\/wp\/v2\/product"}],"about":[{"href":"https:\/\/www.platamallorca.com\/index.php\/wp-json\/wp\/v2\/types\/product"}],"replies":[{"embeddable":true,"href":"https:\/\/www.platamallorca.com\/index.php\/wp-json\/wp\/v2\/comments?post=16743"}],"version-history":[{"count":1,"href":"https:\/\/www.platamallorca.com\/index.php\/wp-json\/wp\/v2\/product\/16743\/revisions"}],"predecessor-version":[{"id":16744,"href":"https:\/\/www.platamallorca.com\/index.php\/wp-json\/wp\/v2\/product\/16743\/revisions\/16744"}],"wp:featuredmedia":[{"embeddable":true,"href":"https:\/\/www.platamallorca.com\/index.php\/wp-json\/wp\/v2\/media\/16917"}],"wp:attachment":[{"href":"https:\/\/www.platamallorca.com\/index.php\/wp-json\/wp\/v2\/media?parent=16743"}],"wp:term":[{"taxonomy":"product_brand","embeddable":true,"href":"https:\/\/www.platamallorca.com\/index.php\/wp-json\/wp\/v2\/product_brand?post=16743"},{"taxonomy":"product_cat","embeddable":true,"href":"https:\/\/www.platamallorca.com\/index.php\/wp-json\/wp\/v2\/product_cat?post=16743"},{"taxonomy":"product_tag","embeddable":true,"href":"https:\/\/www.platamallorca.com\/index.php\/wp-json\/wp\/v2\/product_tag?post=16743"}],"curies":[{"name":"wp","href":"https:\/\/api.w.org\/{rel}","templated":true}]}}