{"id":16389,"date":"2023-10-10T10:04:07","date_gmt":"2023-10-10T10:04:07","guid":{"rendered":"https:\/\/www.platamallorca.com\/?post_type=product&#038;p=16389"},"modified":"2024-01-14T00:06:09","modified_gmt":"2024-01-14T00:06:09","slug":"pulsera-perlas-sinteticas","status":"publish","type":"product","link":"https:\/\/www.platamallorca.com\/index.php\/producto\/pulsera-perlas-sinteticas\/","title":{"rendered":"Pulsera perlas sint\u00e9ticas"},"content":{"rendered":"<p>Pulsera de perlas de sint\u00e9ticas.Gener\u00f3-Mujer,Di\u00e1metro-16+3cm,Material-Plata.<\/p>\n","protected":false},"excerpt":{"rendered":"<p>Pulsera de plata para mujer, joyer\u00eda de moda, pulsera de perlas de sint\u00e9tico de 19cm, regalo para ni\u00f1a y mujer.<\/p>\n","protected":false},"featured_media":16172,"comment_status":"open","ping_status":"closed","template":"","meta":[],"product_brand":[],"product_cat":[87,85,71],"product_tag":[],"class_list":{"0":"post-16389","1":"product","2":"type-product","3":"status-publish","4":"has-post-thumbnail","6":"product_cat-perlas-pulseras","7":"product_cat-plata-pulseras","8":"product_cat-pulseras","10":"first","11":"instock","12":"taxable","13":"shipping-taxable","14":"purchasable","15":"product-type-simple"},"_links":{"self":[{"href":"https:\/\/www.platamallorca.com\/index.php\/wp-json\/wp\/v2\/product\/16389","targetHints":{"allow":["GET"]}}],"collection":[{"href":"https:\/\/www.platamallorca.com\/index.php\/wp-json\/wp\/v2\/product"}],"about":[{"href":"https:\/\/www.platamallorca.com\/index.php\/wp-json\/wp\/v2\/types\/product"}],"replies":[{"embeddable":true,"href":"https:\/\/www.platamallorca.com\/index.php\/wp-json\/wp\/v2\/comments?post=16389"}],"version-history":[{"count":1,"href":"https:\/\/www.platamallorca.com\/index.php\/wp-json\/wp\/v2\/product\/16389\/revisions"}],"predecessor-version":[{"id":16390,"href":"https:\/\/www.platamallorca.com\/index.php\/wp-json\/wp\/v2\/product\/16389\/revisions\/16390"}],"wp:featuredmedia":[{"embeddable":true,"href":"https:\/\/www.platamallorca.com\/index.php\/wp-json\/wp\/v2\/media\/16172"}],"wp:attachment":[{"href":"https:\/\/www.platamallorca.com\/index.php\/wp-json\/wp\/v2\/media?parent=16389"}],"wp:term":[{"taxonomy":"product_brand","embeddable":true,"href":"https:\/\/www.platamallorca.com\/index.php\/wp-json\/wp\/v2\/product_brand?post=16389"},{"taxonomy":"product_cat","embeddable":true,"href":"https:\/\/www.platamallorca.com\/index.php\/wp-json\/wp\/v2\/product_cat?post=16389"},{"taxonomy":"product_tag","embeddable":true,"href":"https:\/\/www.platamallorca.com\/index.php\/wp-json\/wp\/v2\/product_tag?post=16389"}],"curies":[{"name":"wp","href":"https:\/\/api.w.org\/{rel}","templated":true}]}}