{"id":16280,"date":"2023-09-29T17:46:29","date_gmt":"2023-09-29T17:46:29","guid":{"rendered":"https:\/\/www.platamallorca.com\/?post_type=product&#038;p=16280"},"modified":"2024-06-03T01:40:59","modified_gmt":"2024-06-03T01:40:59","slug":"pulsera-de-cadena-ahuecada","status":"publish","type":"product","link":"https:\/\/www.platamallorca.com\/index.php\/producto\/pulsera-de-cadena-ahuecada\/","title":{"rendered":"pulsera de cadena ahuecada"},"content":{"rendered":"<p>Pulsera de cadena ahuecada para mujer,G\u00e9nero-Mujer,Di\u00e1metro-15+4cm,Material-Plata.<\/p>\n","protected":false},"excerpt":{"rendered":"<p>Pulsera de cadena ahuecada para mujer, cadena de moda Simple de Plata , regalo de fiesta del D\u00eda de San Valent\u00edn, joyer\u00eda femenina.<\/p>\n","protected":false},"featured_media":16080,"comment_status":"open","ping_status":"closed","template":"","meta":[],"product_brand":[],"product_cat":[82,71],"product_tag":[],"class_list":{"0":"post-16280","1":"product","2":"type-product","3":"status-publish","4":"has-post-thumbnail","6":"product_cat-plata-pendientes","7":"product_cat-pulseras","9":"first","10":"instock","11":"taxable","12":"shipping-taxable","13":"purchasable","14":"product-type-simple"},"_links":{"self":[{"href":"https:\/\/www.platamallorca.com\/index.php\/wp-json\/wp\/v2\/product\/16280","targetHints":{"allow":["GET"]}}],"collection":[{"href":"https:\/\/www.platamallorca.com\/index.php\/wp-json\/wp\/v2\/product"}],"about":[{"href":"https:\/\/www.platamallorca.com\/index.php\/wp-json\/wp\/v2\/types\/product"}],"replies":[{"embeddable":true,"href":"https:\/\/www.platamallorca.com\/index.php\/wp-json\/wp\/v2\/comments?post=16280"}],"version-history":[{"count":2,"href":"https:\/\/www.platamallorca.com\/index.php\/wp-json\/wp\/v2\/product\/16280\/revisions"}],"predecessor-version":[{"id":16306,"href":"https:\/\/www.platamallorca.com\/index.php\/wp-json\/wp\/v2\/product\/16280\/revisions\/16306"}],"wp:featuredmedia":[{"embeddable":true,"href":"https:\/\/www.platamallorca.com\/index.php\/wp-json\/wp\/v2\/media\/16080"}],"wp:attachment":[{"href":"https:\/\/www.platamallorca.com\/index.php\/wp-json\/wp\/v2\/media?parent=16280"}],"wp:term":[{"taxonomy":"product_brand","embeddable":true,"href":"https:\/\/www.platamallorca.com\/index.php\/wp-json\/wp\/v2\/product_brand?post=16280"},{"taxonomy":"product_cat","embeddable":true,"href":"https:\/\/www.platamallorca.com\/index.php\/wp-json\/wp\/v2\/product_cat?post=16280"},{"taxonomy":"product_tag","embeddable":true,"href":"https:\/\/www.platamallorca.com\/index.php\/wp-json\/wp\/v2\/product_tag?post=16280"}],"curies":[{"name":"wp","href":"https:\/\/api.w.org\/{rel}","templated":true}]}}