{"id":16268,"date":"2023-09-29T16:26:11","date_gmt":"2023-09-29T16:26:11","guid":{"rendered":"https:\/\/www.platamallorca.com\/?post_type=product&#038;p=16268"},"modified":"2024-01-14T00:06:08","modified_gmt":"2024-01-14T00:06:08","slug":"pulseras-de-cuentas-minimalistas","status":"publish","type":"product","link":"https:\/\/www.platamallorca.com\/index.php\/producto\/pulseras-de-cuentas-minimalistas\/","title":{"rendered":"Pulseras de cuentas minimalistas"},"content":{"rendered":"<p>Pulseras de cadena de cuentas minimalistas,Gener\u00f3-Mujer,Di\u00e1metro-16+3cm,Material-Plata.<\/p>\n","protected":false},"excerpt":{"rendered":"<p>Pulseras de cadena de cuentas minimalistas para mujer, de plata 2023, bisuter\u00eda de dise\u00f1o de moda, regalos para ni\u00f1a y mujer.<\/p>\n","protected":false},"featured_media":16106,"comment_status":"open","ping_status":"closed","template":"","meta":[],"product_brand":[],"product_cat":[82,71],"product_tag":[],"class_list":{"0":"post-16268","1":"product","2":"type-product","3":"status-publish","4":"has-post-thumbnail","6":"product_cat-plata-pendientes","7":"product_cat-pulseras","9":"first","10":"instock","11":"taxable","12":"shipping-taxable","13":"purchasable","14":"product-type-simple"},"_links":{"self":[{"href":"https:\/\/www.platamallorca.com\/index.php\/wp-json\/wp\/v2\/product\/16268","targetHints":{"allow":["GET"]}}],"collection":[{"href":"https:\/\/www.platamallorca.com\/index.php\/wp-json\/wp\/v2\/product"}],"about":[{"href":"https:\/\/www.platamallorca.com\/index.php\/wp-json\/wp\/v2\/types\/product"}],"replies":[{"embeddable":true,"href":"https:\/\/www.platamallorca.com\/index.php\/wp-json\/wp\/v2\/comments?post=16268"}],"version-history":[{"count":2,"href":"https:\/\/www.platamallorca.com\/index.php\/wp-json\/wp\/v2\/product\/16268\/revisions"}],"predecessor-version":[{"id":16311,"href":"https:\/\/www.platamallorca.com\/index.php\/wp-json\/wp\/v2\/product\/16268\/revisions\/16311"}],"wp:featuredmedia":[{"embeddable":true,"href":"https:\/\/www.platamallorca.com\/index.php\/wp-json\/wp\/v2\/media\/16106"}],"wp:attachment":[{"href":"https:\/\/www.platamallorca.com\/index.php\/wp-json\/wp\/v2\/media?parent=16268"}],"wp:term":[{"taxonomy":"product_brand","embeddable":true,"href":"https:\/\/www.platamallorca.com\/index.php\/wp-json\/wp\/v2\/product_brand?post=16268"},{"taxonomy":"product_cat","embeddable":true,"href":"https:\/\/www.platamallorca.com\/index.php\/wp-json\/wp\/v2\/product_cat?post=16268"},{"taxonomy":"product_tag","embeddable":true,"href":"https:\/\/www.platamallorca.com\/index.php\/wp-json\/wp\/v2\/product_tag?post=16268"}],"curies":[{"name":"wp","href":"https:\/\/api.w.org\/{rel}","templated":true}]}}