{"id":16228,"date":"2023-09-29T15:09:16","date_gmt":"2023-09-29T15:09:16","guid":{"rendered":"https:\/\/www.platamallorca.com\/?post_type=product&#038;p=16228"},"modified":"2024-01-14T00:06:08","modified_gmt":"2024-01-14T00:06:08","slug":"pulsera-con-corazon-de-circon-rosa","status":"publish","type":"product","link":"https:\/\/www.platamallorca.com\/index.php\/producto\/pulsera-con-corazon-de-circon-rosa\/","title":{"rendered":"pulsera con coraz\u00f3n de circ\u00f3n rosa"},"content":{"rendered":"<p>Brazalete con coraz\u00f3n de circ\u00f3n rosa,G\u00e9nero -Mujer,Di\u00e1metro-15.5+4.4cm,Material-Plata.<\/p>\n","protected":false},"excerpt":{"rendered":"<p>Pulsera ajustable de Plata \u00a0para mujer, brazalete con coraz\u00f3n de circ\u00f3n rosa claro, cadena de eslabones, joyer\u00eda rom\u00e1ntica, regalo de aniversario<\/p>\n","protected":false},"featured_media":16129,"comment_status":"open","ping_status":"closed","template":"","meta":[],"product_brand":[],"product_cat":[82,71],"product_tag":[],"class_list":{"0":"post-16228","1":"product","2":"type-product","3":"status-publish","4":"has-post-thumbnail","6":"product_cat-plata-pendientes","7":"product_cat-pulseras","9":"first","10":"instock","11":"taxable","12":"shipping-taxable","13":"purchasable","14":"product-type-simple"},"_links":{"self":[{"href":"https:\/\/www.platamallorca.com\/index.php\/wp-json\/wp\/v2\/product\/16228","targetHints":{"allow":["GET"]}}],"collection":[{"href":"https:\/\/www.platamallorca.com\/index.php\/wp-json\/wp\/v2\/product"}],"about":[{"href":"https:\/\/www.platamallorca.com\/index.php\/wp-json\/wp\/v2\/types\/product"}],"replies":[{"embeddable":true,"href":"https:\/\/www.platamallorca.com\/index.php\/wp-json\/wp\/v2\/comments?post=16228"}],"version-history":[{"count":4,"href":"https:\/\/www.platamallorca.com\/index.php\/wp-json\/wp\/v2\/product\/16228\/revisions"}],"predecessor-version":[{"id":16315,"href":"https:\/\/www.platamallorca.com\/index.php\/wp-json\/wp\/v2\/product\/16228\/revisions\/16315"}],"wp:featuredmedia":[{"embeddable":true,"href":"https:\/\/www.platamallorca.com\/index.php\/wp-json\/wp\/v2\/media\/16129"}],"wp:attachment":[{"href":"https:\/\/www.platamallorca.com\/index.php\/wp-json\/wp\/v2\/media?parent=16228"}],"wp:term":[{"taxonomy":"product_brand","embeddable":true,"href":"https:\/\/www.platamallorca.com\/index.php\/wp-json\/wp\/v2\/product_brand?post=16228"},{"taxonomy":"product_cat","embeddable":true,"href":"https:\/\/www.platamallorca.com\/index.php\/wp-json\/wp\/v2\/product_cat?post=16228"},{"taxonomy":"product_tag","embeddable":true,"href":"https:\/\/www.platamallorca.com\/index.php\/wp-json\/wp\/v2\/product_tag?post=16228"}],"curies":[{"name":"wp","href":"https:\/\/api.w.org\/{rel}","templated":true}]}}