{"id":16213,"date":"2023-09-29T12:47:43","date_gmt":"2023-09-29T12:47:43","guid":{"rendered":"https:\/\/www.platamallorca.com\/?post_type=product&#038;p=16213"},"modified":"2024-01-14T00:06:08","modified_gmt":"2024-01-14T00:06:08","slug":"pulsera-con-cordon-romantico","status":"publish","type":"product","link":"https:\/\/www.platamallorca.com\/index.php\/producto\/pulsera-con-cordon-romantico\/","title":{"rendered":"Pulsera con cord\u00f3n rom\u00e1ntico"},"content":{"rendered":"<blockquote><p>Pulsera de plata de ley,G\u00e9nero-Mujer,Di\u00e1metro-14+5cm,Material-Plata.<\/p><\/blockquote>\n","protected":false},"excerpt":{"rendered":"<p>Pulsera de plata de ley 925 con coraz\u00f3n rom\u00e1ntico, joyer\u00eda fina, para mujeres.<\/p>\n","protected":false},"featured_media":16156,"comment_status":"open","ping_status":"closed","template":"","meta":[],"product_brand":[],"product_cat":[82,71],"product_tag":[],"class_list":{"0":"post-16213","1":"product","2":"type-product","3":"status-publish","4":"has-post-thumbnail","6":"product_cat-plata-pendientes","7":"product_cat-pulseras","9":"first","10":"instock","11":"taxable","12":"shipping-taxable","13":"purchasable","14":"product-type-simple"},"_links":{"self":[{"href":"https:\/\/www.platamallorca.com\/index.php\/wp-json\/wp\/v2\/product\/16213","targetHints":{"allow":["GET"]}}],"collection":[{"href":"https:\/\/www.platamallorca.com\/index.php\/wp-json\/wp\/v2\/product"}],"about":[{"href":"https:\/\/www.platamallorca.com\/index.php\/wp-json\/wp\/v2\/types\/product"}],"replies":[{"embeddable":true,"href":"https:\/\/www.platamallorca.com\/index.php\/wp-json\/wp\/v2\/comments?post=16213"}],"version-history":[{"count":4,"href":"https:\/\/www.platamallorca.com\/index.php\/wp-json\/wp\/v2\/product\/16213\/revisions"}],"predecessor-version":[{"id":16321,"href":"https:\/\/www.platamallorca.com\/index.php\/wp-json\/wp\/v2\/product\/16213\/revisions\/16321"}],"wp:featuredmedia":[{"embeddable":true,"href":"https:\/\/www.platamallorca.com\/index.php\/wp-json\/wp\/v2\/media\/16156"}],"wp:attachment":[{"href":"https:\/\/www.platamallorca.com\/index.php\/wp-json\/wp\/v2\/media?parent=16213"}],"wp:term":[{"taxonomy":"product_brand","embeddable":true,"href":"https:\/\/www.platamallorca.com\/index.php\/wp-json\/wp\/v2\/product_brand?post=16213"},{"taxonomy":"product_cat","embeddable":true,"href":"https:\/\/www.platamallorca.com\/index.php\/wp-json\/wp\/v2\/product_cat?post=16213"},{"taxonomy":"product_tag","embeddable":true,"href":"https:\/\/www.platamallorca.com\/index.php\/wp-json\/wp\/v2\/product_tag?post=16213"}],"curies":[{"name":"wp","href":"https:\/\/api.w.org\/{rel}","templated":true}]}}